{"id":3605,"date":"2021-11-21T15:14:41","date_gmt":"2021-11-21T15:14:41","guid":{"rendered":"https:\/\/www.innovanta.co\/?page_id=3605"},"modified":"2025-02-16T18:23:06","modified_gmt":"2025-02-16T23:23:06","slug":"ingenieria","status":"publish","type":"page","link":"https:\/\/www.innovanta.co\/en\/ingenieria\/","title":{"rendered":"Engineering and Construction"},"content":{"rendered":"<div data-elementor-type=\"wp-page\" data-elementor-id=\"3605\" class=\"elementor elementor-3605\">\n\t\t\t\t<div class=\"elementor-element elementor-element-c93912a e-flex e-con-boxed e-con e-parent\" data-id=\"c93912a\" data-element_type=\"container\" data-e-type=\"container\" data-settings=\"{&quot;background_background&quot;:&quot;classic&quot;}\">\n\t\t\t\t\t<div class=\"e-con-inner\">\n\t\t\t\t\t<\/div>\n\t\t\t\t<\/div>\n\t\t<div class=\"elementor-element elementor-element-4fa9149 e-flex e-con-boxed e-con e-parent\" data-id=\"4fa9149\" data-element_type=\"container\" data-e-type=\"container\" data-settings=\"{&quot;background_background&quot;:&quot;classic&quot;}\">\n\t\t\t\t\t<div class=\"e-con-inner\">\n\t\t<div class=\"elementor-element elementor-element-7f676a8 e-con-full e-flex e-con e-child\" data-id=\"7f676a8\" data-element_type=\"container\" data-e-type=\"container\">\n\t\t<div class=\"elementor-element elementor-element-8dea070 e-con-full e-flex e-con e-child\" data-id=\"8dea070\" data-element_type=\"container\" data-e-type=\"container\">\n\t\t\t\t<div class=\"elementor-element elementor-element-e84a49c elementor-widget elementor-widget-image\" data-id=\"e84a49c\" data-element_type=\"widget\" data-e-type=\"widget\" data-widget_type=\"image.default\">\n\t\t\t\t<div class=\"elementor-widget-container\">\n\t\t\t\t\t\t\t\t\t\t\t\t\t\t\t<img fetchpriority=\"high\" decoding=\"async\" width=\"901\" height=\"1500\" src=\"https:\/\/www.innovanta.co\/wp-content\/uploads\/2024\/03\/Untitled-12.jpeg\" class=\"attachment-full size-full wp-image-4548\" alt=\"\" srcset=\"https:\/\/www.innovanta.co\/wp-content\/uploads\/2024\/03\/Untitled-12.jpeg 901w, https:\/\/www.innovanta.co\/wp-content\/uploads\/2024\/03\/Untitled-12-180x300.jpeg 180w, https:\/\/www.innovanta.co\/wp-content\/uploads\/2024\/03\/Untitled-12-615x1024.jpeg 615w, https:\/\/www.innovanta.co\/wp-content\/uploads\/2024\/03\/Untitled-12-768x1279.jpeg 768w\" sizes=\"(max-width: 901px) 100vw, 901px\" \/>\t\t\t\t\t\t\t\t\t\t\t\t\t\t\t<\/div>\n\t\t\t\t<\/div>\n\t\t\t\t<\/div>\n\t\t<div class=\"elementor-element elementor-element-b76b6ed e-con-full e-flex e-con e-child\" data-id=\"b76b6ed\" data-element_type=\"container\" data-e-type=\"container\">\n\t\t\t\t<div class=\"elementor-element elementor-element-7488097 elementor-widget elementor-widget-heading\" data-id=\"7488097\" data-element_type=\"widget\" data-e-type=\"widget\" data-widget_type=\"heading.default\">\n\t\t\t\t<div class=\"elementor-widget-container\">\n\t\t\t\t\t<h3 class=\"elementor-heading-title elementor-size-default\">Basic engineering, Conceptual and Detail<\/h3>\t\t\t\t<\/div>\n\t\t\t\t<\/div>\n\t\t\t\t<div class=\"elementor-element elementor-element-4b180a1 elementor-widget-divider--view-line elementor-widget elementor-widget-divider\" data-id=\"4b180a1\" data-element_type=\"widget\" data-e-type=\"widget\" data-widget_type=\"divider.default\">\n\t\t\t\t<div class=\"elementor-widget-container\">\n\t\t\t\t\t\t\t<div class=\"elementor-divider\">\n\t\t\t<span class=\"elementor-divider-separator\">\n\t\t\t\t\t\t<\/span>\n\t\t<\/div>\n\t\t\t\t\t\t<\/div>\n\t\t\t\t<\/div>\n\t\t\t\t<div class=\"elementor-element elementor-element-b8da64c elementor-widget elementor-widget-text-editor\" data-id=\"b8da64c\" data-element_type=\"widget\" data-e-type=\"widget\" data-widget_type=\"text-editor.default\">\n\t\t\t\t<div class=\"elementor-widget-container\">\n\t\t\t\t\t\t\t\t\t<p>We offer comprehensive engineering services from conceptual and detail, designed to turn your ideas into projects that are tangible and successful. Whether you&#039;re looking to develop a new infrastructure or improving an existing design, our highly skilled team is in charge of providing you with innovative and efficient solutions. From the initial concept up to the development of detailed plans, we work closely with you to ensure that every aspect of your project meets your expectations and requirements. Trust us to bring your concepts to the next level with precision, creativity and professionalism.<\/p>\n<p><\/p>\n<p><\/p>\n<p><\/p>\t\t\t\t\t\t\t\t<\/div>\n\t\t\t\t<\/div>\n\t\t\t\t<\/div>\n\t\t\t\t<\/div>\n\t\t\t\t\t<\/div>\n\t\t\t\t<\/div>\n\t\t<div class=\"elementor-element elementor-element-fea1845 e-flex e-con-boxed e-con e-parent\" data-id=\"fea1845\" data-element_type=\"container\" data-e-type=\"container\" data-settings=\"{&quot;background_background&quot;:&quot;classic&quot;}\">\n\t\t\t\t\t<div class=\"e-con-inner\">\n\t\t<div class=\"elementor-element elementor-element-287cae9 e-con-full e-flex e-con e-child\" data-id=\"287cae9\" data-element_type=\"container\" data-e-type=\"container\">\n\t\t<div class=\"elementor-element elementor-element-f9717e5 e-con-full e-flex e-con e-child\" data-id=\"f9717e5\" data-element_type=\"container\" data-e-type=\"container\">\n\t\t\t\t<div class=\"elementor-element elementor-element-09d425b elementor-widget elementor-widget-image\" data-id=\"09d425b\" data-element_type=\"widget\" data-e-type=\"widget\" data-widget_type=\"image.default\">\n\t\t\t\t<div class=\"elementor-widget-container\">\n\t\t\t\t\t\t\t\t\t\t\t\t\t\t\t<img decoding=\"async\" width=\"901\" height=\"1500\" src=\"https:\/\/www.innovanta.co\/wp-content\/uploads\/2024\/03\/Untitled-15.jpg\" class=\"attachment-full size-full wp-image-4551\" alt=\"\" srcset=\"https:\/\/www.innovanta.co\/wp-content\/uploads\/2024\/03\/Untitled-15.jpg 901w, https:\/\/www.innovanta.co\/wp-content\/uploads\/2024\/03\/Untitled-15-180x300.jpg 180w, https:\/\/www.innovanta.co\/wp-content\/uploads\/2024\/03\/Untitled-15-615x1024.jpg 615w, https:\/\/www.innovanta.co\/wp-content\/uploads\/2024\/03\/Untitled-15-768x1279.jpg 768w\" sizes=\"(max-width: 901px) 100vw, 901px\" \/>\t\t\t\t\t\t\t\t\t\t\t\t\t\t\t<\/div>\n\t\t\t\t<\/div>\n\t\t\t\t<\/div>\n\t\t<div class=\"elementor-element elementor-element-a86baab e-con-full e-flex e-con e-child\" data-id=\"a86baab\" data-element_type=\"container\" data-e-type=\"container\">\n\t\t\t\t<div class=\"elementor-element elementor-element-8193b80 elementor-widget elementor-widget-heading\" data-id=\"8193b80\" data-element_type=\"widget\" data-e-type=\"widget\" data-widget_type=\"heading.default\">\n\t\t\t\t<div class=\"elementor-widget-container\">\n\t\t\t\t\t<h3 class=\"elementor-heading-title elementor-size-default\">Procurement and Construction<\/h3>\t\t\t\t<\/div>\n\t\t\t\t<\/div>\n\t\t\t\t<div class=\"elementor-element elementor-element-a4311b6 elementor-widget-divider--view-line elementor-widget elementor-widget-divider\" data-id=\"a4311b6\" data-element_type=\"widget\" data-e-type=\"widget\" data-widget_type=\"divider.default\">\n\t\t\t\t<div class=\"elementor-widget-container\">\n\t\t\t\t\t\t\t<div class=\"elementor-divider\">\n\t\t\t<span class=\"elementor-divider-separator\">\n\t\t\t\t\t\t<\/span>\n\t\t<\/div>\n\t\t\t\t\t\t<\/div>\n\t\t\t\t<\/div>\n\t\t\t\t<div class=\"elementor-element elementor-element-52a737f elementor-widget elementor-widget-text-editor\" data-id=\"52a737f\" data-element_type=\"widget\" data-e-type=\"widget\" data-widget_type=\"text-editor.default\">\n\t\t\t\t<div class=\"elementor-widget-container\">\n\t\t\t\t\t\t\t\t\t<p>In the field challenging, procurement and construction, the excellence in each step is crucial. We offer a comprehensive approach to simplify and optimize the project, from conception to final delivery. With an experienced team of engineering and construction management, we provide services that span from initial planning to execution, ensuring efficiency and quality in each stage.<\/p>\t\t\t\t\t\t\t\t<\/div>\n\t\t\t\t<\/div>\n\t\t\t\t<\/div>\n\t\t\t\t<\/div>\n\t\t\t\t\t<\/div>\n\t\t\t\t<\/div>\n\t\t<div class=\"elementor-element elementor-element-f38392b e-flex e-con-boxed e-con e-parent\" data-id=\"f38392b\" data-element_type=\"container\" data-e-type=\"container\" data-settings=\"{&quot;background_background&quot;:&quot;classic&quot;}\">\n\t\t\t\t\t<div class=\"e-con-inner\">\n\t\t<div class=\"elementor-element elementor-element-771577b e-con-full e-flex e-con e-child\" data-id=\"771577b\" data-element_type=\"container\" data-e-type=\"container\">\n\t\t<div class=\"elementor-element elementor-element-9533482 e-con-full e-flex e-con e-child\" data-id=\"9533482\" data-element_type=\"container\" data-e-type=\"container\">\n\t\t\t\t<div class=\"elementor-element elementor-element-8761e8c elementor-widget elementor-widget-image\" data-id=\"8761e8c\" data-element_type=\"widget\" data-e-type=\"widget\" data-widget_type=\"image.default\">\n\t\t\t\t<div class=\"elementor-widget-container\">\n\t\t\t\t\t\t\t\t\t\t\t\t\t\t\t<img decoding=\"async\" width=\"901\" height=\"1500\" src=\"https:\/\/www.innovanta.co\/wp-content\/uploads\/2024\/03\/Untitled-14.jpg\" class=\"attachment-full size-full wp-image-4550\" alt=\"\" srcset=\"https:\/\/www.innovanta.co\/wp-content\/uploads\/2024\/03\/Untitled-14.jpg 901w, https:\/\/www.innovanta.co\/wp-content\/uploads\/2024\/03\/Untitled-14-180x300.jpg 180w, https:\/\/www.innovanta.co\/wp-content\/uploads\/2024\/03\/Untitled-14-615x1024.jpg 615w, https:\/\/www.innovanta.co\/wp-content\/uploads\/2024\/03\/Untitled-14-768x1279.jpg 768w\" sizes=\"(max-width: 901px) 100vw, 901px\" \/>\t\t\t\t\t\t\t\t\t\t\t\t\t\t\t<\/div>\n\t\t\t\t<\/div>\n\t\t\t\t<\/div>\n\t\t<div class=\"elementor-element elementor-element-cffba5b e-con-full e-flex e-con e-child\" data-id=\"cffba5b\" data-element_type=\"container\" data-e-type=\"container\">\n\t\t\t\t<div class=\"elementor-element elementor-element-62ae438 elementor-widget elementor-widget-heading\" data-id=\"62ae438\" data-element_type=\"widget\" data-e-type=\"widget\" data-widget_type=\"heading.default\">\n\t\t\t\t<div class=\"elementor-widget-container\">\n\t\t\t\t\t<h3 class=\"elementor-heading-title elementor-size-default\">Operation and Maintenance<\/h3>\t\t\t\t<\/div>\n\t\t\t\t<\/div>\n\t\t\t\t<div class=\"elementor-element elementor-element-37ceddd elementor-widget-divider--view-line elementor-widget elementor-widget-divider\" data-id=\"37ceddd\" data-element_type=\"widget\" data-e-type=\"widget\" data-widget_type=\"divider.default\">\n\t\t\t\t<div class=\"elementor-widget-container\">\n\t\t\t\t\t\t\t<div class=\"elementor-divider\">\n\t\t\t<span class=\"elementor-divider-separator\">\n\t\t\t\t\t\t<\/span>\n\t\t<\/div>\n\t\t\t\t\t\t<\/div>\n\t\t\t\t<\/div>\n\t\t\t\t<div class=\"elementor-element elementor-element-d330df6 elementor-widget elementor-widget-text-editor\" data-id=\"d330df6\" data-element_type=\"widget\" data-e-type=\"widget\" data-widget_type=\"text-editor.default\">\n\t\t\t\t<div class=\"elementor-widget-container\">\n\t\t\t\t\t\t\t\t\t<p>In the demanding field of operation and maintenance of process plants, we offer comprehensive solutions to optimize the performance from the commissioning to ongoing maintenance. With our specialized equipment, we guarantee operational efficiency, minimizing downtime, and maximizing productivity in each stage.<\/p>\t\t\t\t\t\t\t\t<\/div>\n\t\t\t\t<\/div>\n\t\t\t\t<\/div>\n\t\t\t\t<\/div>\n\t\t\t\t\t<\/div>\n\t\t\t\t<\/div>\n\t\t\t\t<\/div>","protected":false},"excerpt":{"rendered":"<p>Ingenieria Basica, Conceptual y de Detalle Ofrecemos servicios integrales de ingenier\u00eda conceptual y de detalle, dise\u00f1ados para convertir tus ideas en proyectos tangibles y exitosos. Ya sea que est\u00e9s buscando desarrollar una nueva infraestructura o mejorar un dise\u00f1o existente, nuestro equipo altamente calificado se encarga de brindarte soluciones innovadoras y eficientes. Desde la concepci\u00f3n inicial [&hellip;]<\/p>\n","protected":false},"author":1,"featured_media":0,"parent":0,"menu_order":0,"comment_status":"closed","ping_status":"closed","template":"","meta":{"site-sidebar-layout":"no-sidebar","site-content-layout":"page-builder","ast-site-content-layout":"full-width-container","site-content-style":"unboxed","site-sidebar-style":"unboxed","ast-global-header-display":"","ast-banner-title-visibility":"","ast-main-header-display":"","ast-hfb-above-header-display":"","ast-hfb-below-header-display":"","ast-hfb-mobile-header-display":"","site-post-title":"disabled","ast-breadcrumbs-content":"disabled","ast-featured-img":"disabled","footer-sml-layout":"","theme-transparent-header-meta":"disabled","adv-header-id-meta":"","stick-header-meta":"","header-above-stick-meta":"","header-main-stick-meta":"","header-below-stick-meta":"","astra-migrate-meta-layouts":"set","ast-page-background-enabled":"default","ast-page-background-meta":{"desktop":{"background-color":"var(--ast-global-color-4)","background-image":"","background-repeat":"repeat","background-position":"center center","background-size":"auto","background-attachment":"scroll","background-type":"","background-media":"","overlay-type":"","overlay-color":"","overlay-gradient":""},"tablet":{"background-color":"","background-image":"","background-repeat":"repeat","background-position":"center center","background-size":"auto","background-attachment":"scroll","background-type":"","background-media":"","overlay-type":"","overlay-color":"","overlay-gradient":""},"mobile":{"background-color":"","background-image":"","background-repeat":"repeat","background-position":"center center","background-size":"auto","background-attachment":"scroll","background-type":"","background-media":"","overlay-type":"","overlay-color":"","overlay-gradient":""}},"ast-content-background-meta":{"desktop":{"background-color":"var(--ast-global-color-5)","background-image":"","background-repeat":"repeat","background-position":"center center","background-size":"auto","background-attachment":"scroll","background-type":"","background-media":"","overlay-type":"","overlay-color":"","overlay-gradient":""},"tablet":{"background-color":"var(--ast-global-color-5)","background-image":"","background-repeat":"repeat","background-position":"center center","background-size":"auto","background-attachment":"scroll","background-type":"","background-media":"","overlay-type":"","overlay-color":"","overlay-gradient":""},"mobile":{"background-color":"var(--ast-global-color-5)","background-image":"","background-repeat":"repeat","background-position":"center center","background-size":"auto","background-attachment":"scroll","background-type":"","background-media":"","overlay-type":"","overlay-color":"","overlay-gradient":""}},"footnotes":""},"class_list":["post-3605","page","type-page","status-publish","hentry"],"_links":{"self":[{"href":"https:\/\/www.innovanta.co\/en\/wp-json\/wp\/v2\/pages\/3605","targetHints":{"allow":["GET"]}}],"collection":[{"href":"https:\/\/www.innovanta.co\/en\/wp-json\/wp\/v2\/pages"}],"about":[{"href":"https:\/\/www.innovanta.co\/en\/wp-json\/wp\/v2\/types\/page"}],"author":[{"embeddable":true,"href":"https:\/\/www.innovanta.co\/en\/wp-json\/wp\/v2\/users\/1"}],"replies":[{"embeddable":true,"href":"https:\/\/www.innovanta.co\/en\/wp-json\/wp\/v2\/comments?post=3605"}],"version-history":[{"count":27,"href":"https:\/\/www.innovanta.co\/en\/wp-json\/wp\/v2\/pages\/3605\/revisions"}],"predecessor-version":[{"id":4627,"href":"https:\/\/www.innovanta.co\/en\/wp-json\/wp\/v2\/pages\/3605\/revisions\/4627"}],"wp:attachment":[{"href":"https:\/\/www.innovanta.co\/en\/wp-json\/wp\/v2\/media?parent=3605"}],"curies":[{"name":"wp","href":"https:\/\/api.w.org\/{rel}","templated":true}]}}