{"id":4652,"date":"2025-02-16T20:17:42","date_gmt":"2025-02-17T01:17:42","guid":{"rendered":"https:\/\/www.innovanta.co\/?page_id=4652"},"modified":"2025-02-17T14:19:06","modified_gmt":"2025-02-17T19:19:06","slug":"medicion-de-metano","status":"publish","type":"page","link":"https:\/\/www.innovanta.co\/en\/medicion-de-metano\/","title":{"rendered":"Measurement of Methane"},"content":{"rendered":"<div data-elementor-type=\"wp-page\" data-elementor-id=\"4652\" class=\"elementor elementor-4652\">\n\t\t\t\t<div class=\"elementor-element elementor-element-c93912a e-flex e-con-boxed e-con e-parent\" data-id=\"c93912a\" data-element_type=\"container\" data-e-type=\"container\" data-settings=\"{&quot;background_background&quot;:&quot;classic&quot;}\">\n\t\t\t\t\t<div class=\"e-con-inner\">\n\t\t<div class=\"elementor-element elementor-element-e3d87f0 e-con-full e-flex e-con e-child\" data-id=\"e3d87f0\" data-element_type=\"container\" data-e-type=\"container\">\n\t\t\t\t<div class=\"elementor-element elementor-element-ffd966a elementor-widget elementor-widget-text-editor\" data-id=\"ffd966a\" data-element_type=\"widget\" data-e-type=\"widget\" data-widget_type=\"text-editor.default\">\n\t\t\t\t<div class=\"elementor-widget-container\">\n\t\t\t\t\t\t\t\t\t<p>L<\/p>\t\t\t\t\t\t\t\t<\/div>\n\t\t\t\t<\/div>\n\t\t\t\t<\/div>\n\t\t\t\t\t<\/div>\n\t\t\t\t<\/div>\n\t\t<div class=\"elementor-element elementor-element-4fa9149 e-flex e-con-boxed e-con e-parent\" data-id=\"4fa9149\" data-element_type=\"container\" data-e-type=\"container\" data-settings=\"{&quot;background_background&quot;:&quot;classic&quot;}\">\n\t\t\t\t\t<div class=\"e-con-inner\">\n\t\t<div class=\"elementor-element elementor-element-a88f77d e-con-full e-flex e-con e-child\" data-id=\"a88f77d\" data-element_type=\"container\" data-e-type=\"container\">\n\t\t\t\t<div class=\"elementor-element elementor-element-a0b8f07 elementor-widget elementor-widget-heading\" data-id=\"a0b8f07\" data-element_type=\"widget\" data-e-type=\"widget\" data-widget_type=\"heading.default\">\n\t\t\t\t<div class=\"elementor-widget-container\">\n\t\t\t\t\t<h2 class=\"elementor-heading-title elementor-size-default\">Quantification of Methane<\/h2>\t\t\t\t<\/div>\n\t\t\t\t<\/div>\n\t\t\t\t<div class=\"elementor-element elementor-element-6d9eb50 elementor-widget-divider--view-line elementor-widget elementor-widget-divider\" data-id=\"6d9eb50\" data-element_type=\"widget\" data-e-type=\"widget\" data-widget_type=\"divider.default\">\n\t\t\t\t<div class=\"elementor-widget-container\">\n\t\t\t\t\t\t\t<div class=\"elementor-divider\">\n\t\t\t<span class=\"elementor-divider-separator\">\n\t\t\t\t\t\t<\/span>\n\t\t<\/div>\n\t\t\t\t\t\t<\/div>\n\t\t\t\t<\/div>\n\t\t\t\t<div class=\"elementor-element elementor-element-84793f4 elementor-widget elementor-widget-text-editor\" data-id=\"84793f4\" data-element_type=\"widget\" data-e-type=\"widget\" data-widget_type=\"text-editor.default\">\n\t\t\t\t<div class=\"elementor-widget-container\">\n\t\t\t\t\t\t\t\t\t<p>We specialize in offering solutions advanced detection of methane, and platforms, terrestrial and marine using drone technology of the latest generation. With a commitment to environmental management and operational excellence, we train the energy sector in order to minimize emissions and to ensure regulatory compliance.<\/p>\t\t\t\t\t\t\t\t<\/div>\n\t\t\t\t<\/div>\n\t\t\t\t<\/div>\n\t\t<div class=\"elementor-element elementor-element-c1c6df0 e-con-full e-flex e-con e-child\" data-id=\"c1c6df0\" data-element_type=\"container\" data-e-type=\"container\">\n\t\t\t\t<div class=\"elementor-element elementor-element-f5b0a74 elementor-widget elementor-widget-heading\" data-id=\"f5b0a74\" data-element_type=\"widget\" data-e-type=\"widget\" data-widget_type=\"heading.default\">\n\t\t\t\t<div class=\"elementor-widget-container\">\n\t\t\t\t\t<h2 class=\"elementor-heading-title elementor-size-default\">By that Measure it?<\/h2>\t\t\t\t<\/div>\n\t\t\t\t<\/div>\n\t\t\t\t<div class=\"elementor-element elementor-element-a71d8f2 elementor-widget-divider--view-line elementor-widget elementor-widget-divider\" data-id=\"a71d8f2\" data-element_type=\"widget\" data-e-type=\"widget\" data-widget_type=\"divider.default\">\n\t\t\t\t<div class=\"elementor-widget-container\">\n\t\t\t\t\t\t\t<div class=\"elementor-divider\">\n\t\t\t<span class=\"elementor-divider-separator\">\n\t\t\t\t\t\t<\/span>\n\t\t<\/div>\n\t\t\t\t\t\t<\/div>\n\t\t\t\t<\/div>\n\t\t\t\t<div class=\"elementor-element elementor-element-54d1240 elementor-widget elementor-widget-text-editor\" data-id=\"54d1240\" data-element_type=\"widget\" data-e-type=\"widget\" data-widget_type=\"text-editor.default\">\n\t\t\t\t<div class=\"elementor-widget-container\">\n\t\t\t\t\t\t\t\t\t<p>Methane is more than 80 times more potent than CO2 as a greenhouse gas in the short term. The offshore platforms are critical points of emission, and mitigate these emissions is critical to achieving global climate targets. By partnering with us, you can:<\/p><p>\u00a0<\/p><p>\u00a0\u2013 Meet the sustainability objectives<\/p><p>\u00a0\u2013 Improve operational efficiency<\/p><p>\u00a0\u2013 Strengthen your profile ESG<\/p>\t\t\t\t\t\t\t\t<\/div>\n\t\t\t\t<\/div>\n\t\t\t\t<\/div>\n\t\t<div class=\"elementor-element elementor-element-7648d06 e-con-full e-flex e-con e-child\" data-id=\"7648d06\" data-element_type=\"container\" data-e-type=\"container\">\n\t\t\t\t<div class=\"elementor-element elementor-element-0adf1cd elementor-widget elementor-widget-heading\" data-id=\"0adf1cd\" data-element_type=\"widget\" data-e-type=\"widget\" data-widget_type=\"heading.default\">\n\t\t\t\t<div class=\"elementor-widget-container\">\n\t\t\t\t\t<h2 class=\"elementor-heading-title elementor-size-default\">Why choose the monitoring of methane based on drones?<\/h2>\t\t\t\t<\/div>\n\t\t\t\t<\/div>\n\t\t\t\t<div class=\"elementor-element elementor-element-2d0214a elementor-widget-divider--view-line elementor-widget elementor-widget-divider\" data-id=\"2d0214a\" data-element_type=\"widget\" data-e-type=\"widget\" data-widget_type=\"divider.default\">\n\t\t\t\t<div class=\"elementor-widget-container\">\n\t\t\t\t\t\t\t<div class=\"elementor-divider\">\n\t\t\t<span class=\"elementor-divider-separator\">\n\t\t\t\t\t\t<\/span>\n\t\t<\/div>\n\t\t\t\t\t\t<\/div>\n\t\t\t\t<\/div>\n\t\t\t\t<div class=\"elementor-element elementor-element-af844f1 elementor-widget elementor-widget-image\" data-id=\"af844f1\" data-element_type=\"widget\" data-e-type=\"widget\" data-widget_type=\"image.default\">\n\t\t\t\t<div class=\"elementor-widget-container\">\n\t\t\t\t\t\t\t\t\t\t\t\t\t\t\t<img fetchpriority=\"high\" decoding=\"async\" width=\"768\" height=\"480\" src=\"https:\/\/www.innovanta.co\/wp-content\/uploads\/2025\/02\/Drone.jpg\" class=\"attachment-large size-large wp-image-4656\" alt=\"\" srcset=\"https:\/\/www.innovanta.co\/wp-content\/uploads\/2025\/02\/Drone.jpg 768w, https:\/\/www.innovanta.co\/wp-content\/uploads\/2025\/02\/Drone-300x188.jpg 300w, https:\/\/www.innovanta.co\/wp-content\/uploads\/2025\/02\/Drone-18x12.jpg 18w\" sizes=\"(max-width: 768px) 100vw, 768px\" \/>\t\t\t\t\t\t\t\t\t\t\t\t\t\t\t<\/div>\n\t\t\t\t<\/div>\n\t\t\t\t<div class=\"elementor-element elementor-element-3e29e8d elementor-widget elementor-widget-text-editor\" data-id=\"3e29e8d\" data-element_type=\"widget\" data-e-type=\"widget\" data-widget_type=\"text-editor.default\">\n\t\t\t\t<div class=\"elementor-widget-container\">\n\t\t\t\t\t\t\t\t\t<p>\u00a0<\/p><ul><li><p><strong>High precision and efficiency<\/strong>: Drones equipped with advanced technology to detect methane with great accuracy, even in areas of difficult access, which reduces the margin of error.<\/p><\/li><li><p><strong>Wide coverage and remote access<\/strong>: May cover large areas in a short time, including offshore platforms and areas of difficult access, improving the efficiency of the surveillance.<\/p><\/li><li><p><strong>Risk reduction<\/strong>: When replacing the need of monitoring equipment in the field, the drones minimize exposure risks to workers, ensuring safe operation.<\/p><\/li><li><p><strong>Real-time monitoring<\/strong>: The drone technology allows for the collection and analysis of data in real time, which facilitates a rapid response to any release or broadcast.<\/p><\/li><li><p><strong>Regulatory compliance<\/strong>: Helps companies to comply with environmental regulations to provide a continuous monitoring, and detailed methane emissions.<\/p><\/li><\/ul>\t\t\t\t\t\t\t\t<\/div>\n\t\t\t\t<\/div>\n\t\t\t\t<\/div>\n\t\t<div class=\"elementor-element elementor-element-7261eaf e-con-full e-flex e-con e-child\" data-id=\"7261eaf\" data-element_type=\"container\" data-e-type=\"container\">\n\t\t\t\t<div class=\"elementor-element elementor-element-9a84458 elementor-widget elementor-widget-heading\" data-id=\"9a84458\" data-element_type=\"widget\" data-e-type=\"widget\" data-widget_type=\"heading.default\">\n\t\t\t\t<div class=\"elementor-widget-container\">\n\t\t\t\t\t<h2 class=\"elementor-heading-title elementor-size-default\">Our Technology\n<\/h2>\t\t\t\t<\/div>\n\t\t\t\t<\/div>\n\t\t\t\t<div class=\"elementor-element elementor-element-0618c7d elementor-widget-divider--view-line elementor-widget elementor-widget-divider\" data-id=\"0618c7d\" data-element_type=\"widget\" data-e-type=\"widget\" data-widget_type=\"divider.default\">\n\t\t\t\t<div class=\"elementor-widget-container\">\n\t\t\t\t\t\t\t<div class=\"elementor-divider\">\n\t\t\t<span class=\"elementor-divider-separator\">\n\t\t\t\t\t\t<\/span>\n\t\t<\/div>\n\t\t\t\t\t\t<\/div>\n\t\t\t\t<\/div>\n\t\t<div class=\"elementor-element elementor-element-f558973 e-con-full e-flex e-con e-child\" data-id=\"f558973\" data-element_type=\"container\" data-e-type=\"container\">\n\t\t\t\t<div class=\"elementor-element elementor-element-6839265 elementor-widget elementor-widget-image\" data-id=\"6839265\" data-element_type=\"widget\" data-e-type=\"widget\" data-widget_type=\"image.default\">\n\t\t\t\t<div class=\"elementor-widget-container\">\n\t\t\t\t\t\t\t\t\t\t\t\t\t\t\t<img decoding=\"async\" width=\"823\" height=\"593\" src=\"https:\/\/www.innovanta.co\/wp-content\/uploads\/2025\/02\/IAMetane.jpg\" class=\"attachment-large size-large wp-image-4659\" alt=\"\" srcset=\"https:\/\/www.innovanta.co\/wp-content\/uploads\/2025\/02\/IAMetane.jpg 823w, https:\/\/www.innovanta.co\/wp-content\/uploads\/2025\/02\/IAMetane-300x216.jpg 300w, https:\/\/www.innovanta.co\/wp-content\/uploads\/2025\/02\/IAMetane-768x553.jpg 768w, https:\/\/www.innovanta.co\/wp-content\/uploads\/2025\/02\/IAMetane-18x12.jpg 18w\" sizes=\"(max-width: 823px) 100vw, 823px\" \/>\t\t\t\t\t\t\t\t\t\t\t\t\t\t\t<\/div>\n\t\t\t\t<\/div>\n\t\t\t\t<\/div>\n\t\t\t\t<div class=\"elementor-element elementor-element-36c08c0 elementor-widget elementor-widget-text-editor\" data-id=\"36c08c0\" data-element_type=\"widget\" data-e-type=\"widget\" data-widget_type=\"text-editor.default\">\n\t\t\t\t<div class=\"elementor-widget-container\">\n\t\t\t\t\t\t\t\t\t<p><strong>Sensors based on laser<\/strong>Detectors of methane in high yield using absorption spectroscopy laser.<\/p><p><strong>Thermal imaging cameras<\/strong>: Enhanced visualization for the detection of leaks in hard to reach areas.<\/p><p><strong>GPS integration<\/strong>: Geolocation accurate to map the exact locations of the detected leakage.<\/p><p><strong>Analysis powered by AI<\/strong>: Intelligent algorithms for anomaly detection and analysis of trends.<\/p>\t\t\t\t\t\t\t\t<\/div>\n\t\t\t\t<\/div>\n\t\t\t\t<\/div>\n\t\t<div class=\"elementor-element elementor-element-9636b99 e-con-full e-flex e-con e-child\" data-id=\"9636b99\" data-element_type=\"container\" data-e-type=\"container\">\n\t\t\t\t<div class=\"elementor-element elementor-element-9fd1137 elementor-widget elementor-widget-heading\" data-id=\"9fd1137\" data-element_type=\"widget\" data-e-type=\"widget\" data-widget_type=\"heading.default\">\n\t\t\t\t<div class=\"elementor-widget-container\">\n\t\t\t\t\t<h2 class=\"elementor-heading-title elementor-size-default\">Our Solution\n<\/h2>\t\t\t\t<\/div>\n\t\t\t\t<\/div>\n\t\t\t\t<div class=\"elementor-element elementor-element-8fc3af0 elementor-widget-divider--view-line elementor-widget elementor-widget-divider\" data-id=\"8fc3af0\" data-element_type=\"widget\" data-e-type=\"widget\" data-widget_type=\"divider.default\">\n\t\t\t\t<div class=\"elementor-widget-container\">\n\t\t\t\t\t\t\t<div class=\"elementor-divider\">\n\t\t\t<span class=\"elementor-divider-separator\">\n\t\t\t\t\t\t<\/span>\n\t\t<\/div>\n\t\t\t\t\t\t<\/div>\n\t\t\t\t<\/div>\n\t\t\t\t<div class=\"elementor-element elementor-element-8d50182 elementor-widget elementor-widget-text-editor\" data-id=\"8d50182\" data-element_type=\"widget\" data-e-type=\"widget\" data-widget_type=\"text-editor.default\">\n\t\t\t\t<div class=\"elementor-widget-container\">\n\t\t\t\t\t\t\t\t\t<p>Our innovative solution for the detection, localization and quantification of fugitive emissions ensures a full coverage of the site, providing data of methane rapid, cost-effective and in accordance with the regulations for the industries of power, gas, renewable and waste management, both on land and offshore platforms.<\/p>\t\t\t\t\t\t\t\t<\/div>\n\t\t\t\t<\/div>\n\t\t\t\t<\/div>\n\t\t<div class=\"elementor-element elementor-element-ef9341f e-con-full e-flex e-con e-child\" data-id=\"ef9341f\" data-element_type=\"container\" data-e-type=\"container\">\n\t\t\t\t<div class=\"elementor-element elementor-element-c2b1ede elementor-widget-divider--view-line elementor-widget elementor-widget-divider\" data-id=\"c2b1ede\" data-element_type=\"widget\" data-e-type=\"widget\" data-widget_type=\"divider.default\">\n\t\t\t\t<div class=\"elementor-widget-container\">\n\t\t\t\t\t\t\t<div class=\"elementor-divider\">\n\t\t\t<span class=\"elementor-divider-separator\">\n\t\t\t\t\t\t<\/span>\n\t\t<\/div>\n\t\t\t\t\t\t<\/div>\n\t\t\t\t<\/div>\n\t\t\t\t<div class=\"elementor-element elementor-element-ed2dd9e elementor-widget elementor-widget-text-editor\" data-id=\"ed2dd9e\" data-element_type=\"widget\" data-e-type=\"widget\" data-widget_type=\"text-editor.default\">\n\t\t\t\t<div class=\"elementor-widget-container\">\n\t\t\t\t\t\t\t\t\t<p style=\"text-align: center;\">Click here to download our Brochure<\/p>\t\t\t\t\t\t\t\t<\/div>\n\t\t\t\t<\/div>\n\t\t\t\t<div class=\"elementor-element elementor-element-409e188 elementor-view-stacked elementor-shape-circle elementor-widget elementor-widget-icon\" data-id=\"409e188\" data-element_type=\"widget\" data-e-type=\"widget\" data-widget_type=\"icon.default\">\n\t\t\t\t<div class=\"elementor-widget-container\">\n\t\t\t\t\t\t\t<div class=\"elementor-icon-wrapper\">\n\t\t\t<a class=\"elementor-icon\" href=\"https:\/\/www.innovanta.co\/wp-content\/uploads\/2025\/02\/Innovanta-FactSheet-Methane-2.pdf\">\n\t\t\t<svg aria-hidden=\"true\" class=\"e-font-icon-svg e-far-hand-point-up\" viewbox=\"0 0 448 512\" xmlns=\"http:\/\/www.w3.org\/2000\/svg\"><path d=\"M105.6 83.2v86.177a115.52 115.52 0 0 0-22.4-2.176c-47.914 0-83.2 35.072-83.2 92 0 45.314 48.537 57.002 78.784 75.707 12.413 7.735 23.317 16.994 33.253 25.851l.146.131.148.129C129.807 376.338 136 384.236 136 391.2v2.679c-4.952 5.747-8 13.536-8 22.12v64c0 17.673 12.894 32 28.8 32h230.4c15.906 0 28.8-14.327 28.8-32v-64c0-8.584-3.048-16.373-8-22.12V391.2c0-28.688 40-67.137 40-127.2v-21.299c0-62.542-38.658-98.8-91.145-99.94-17.813-12.482-40.785-18.491-62.791-15.985A93.148 93.148 0 0 0 272 118.847V83.2C272 37.765 234.416 0 188.8 0c-45.099 0-83.2 38.101-83.2 83.2zm118.4 0v91.026c14.669-12.837 42.825-14.415 61.05 4.95 19.646-11.227 45.624-1.687 53.625 12.925 39.128-6.524 61.325 10.076 61.325 50.6V264c0 45.491-35.913 77.21-39.676 120H183.571c-2.964-25.239-21.222-42.966-39.596-59.075-12.65-11.275-25.3-21.725-39.875-30.799C80.712 279.645 48 267.994 48 259.2c0-23.375 8.8-44 35.2-44 35.2 0 53.075 26.4 70.4 26.4V83.2c0-18.425 16.5-35.2 35.2-35.2 18.975 0 35.2 16.225 35.2 35.2zM352 424c13.255 0 24 10.745 24 24s-10.745 24-24 24-24-10.745-24-24 10.745-24 24-24z\"><\/path><\/svg>\t\t\t<\/a>\n\t\t<\/div>\n\t\t\t\t\t\t<\/div>\n\t\t\t\t<\/div>\n\t\t\t\t<div class=\"elementor-element elementor-element-d9cd013 elementor-widget elementor-widget-image\" data-id=\"d9cd013\" data-element_type=\"widget\" data-e-type=\"widget\" data-widget_type=\"image.default\">\n\t\t\t\t<div class=\"elementor-widget-container\">\n\t\t\t\t\t\t\t\t\t\t\t\t\t\t\t<img decoding=\"async\" width=\"294\" height=\"294\" src=\"https:\/\/www.innovanta.co\/wp-content\/uploads\/2025\/02\/qrcode-methane-EN.png\" class=\"attachment-large size-large wp-image-4720\" alt=\"\" srcset=\"https:\/\/www.innovanta.co\/wp-content\/uploads\/2025\/02\/qrcode-methane-EN.png 294w, https:\/\/www.innovanta.co\/wp-content\/uploads\/2025\/02\/qrcode-methane-EN-150x150.png 150w, https:\/\/www.innovanta.co\/wp-content\/uploads\/2025\/02\/qrcode-methane-EN-12x12.png 12w\" sizes=\"(max-width: 294px) 100vw, 294px\" \/>\t\t\t\t\t\t\t\t\t\t\t\t\t\t\t<\/div>\n\t\t\t\t<\/div>\n\t\t\t\t<\/div>\n\t\t\t\t\t<\/div>\n\t\t\t\t<\/div>\n\t\t\t\t<\/div>","protected":false},"excerpt":{"rendered":"<p>L Cuantificaci\u00f3n del Metano Nos especializamos en ofrecer soluciones avanzadas de detecci\u00f3n de metano para plataformas terrestres y marinas utilizando tecnolog\u00eda de drones de \u00faltima generaci\u00f3n. Con un compromiso con la gesti\u00f3n ambiental y la excelencia operativa, capacitamos al sector energ\u00e9tico para minimizar las emisiones y garantizar el cumplimiento de las normativas. Por que Medirlo? [&hellip;]<\/p>\n","protected":false},"author":1,"featured_media":0,"parent":0,"menu_order":0,"comment_status":"closed","ping_status":"closed","template":"","meta":{"site-sidebar-layout":"no-sidebar","site-content-layout":"page-builder","ast-site-content-layout":"full-width-container","site-content-style":"unboxed","site-sidebar-style":"unboxed","ast-global-header-display":"","ast-banner-title-visibility":"","ast-main-header-display":"","ast-hfb-above-header-display":"","ast-hfb-below-header-display":"","ast-hfb-mobile-header-display":"","site-post-title":"disabled","ast-breadcrumbs-content":"disabled","ast-featured-img":"disabled","footer-sml-layout":"","theme-transparent-header-meta":"disabled","adv-header-id-meta":"","stick-header-meta":"","header-above-stick-meta":"","header-main-stick-meta":"","header-below-stick-meta":"","astra-migrate-meta-layouts":"set","ast-page-background-enabled":"default","ast-page-background-meta":{"desktop":{"background-color":"var(--ast-global-color-4)","background-image":"","background-repeat":"repeat","background-position":"center center","background-size":"auto","background-attachment":"scroll","background-type":"","background-media":"","overlay-type":"","overlay-color":"","overlay-gradient":""},"tablet":{"background-color":"","background-image":"","background-repeat":"repeat","background-position":"center center","background-size":"auto","background-attachment":"scroll","background-type":"","background-media":"","overlay-type":"","overlay-color":"","overlay-gradient":""},"mobile":{"background-color":"","background-image":"","background-repeat":"repeat","background-position":"center center","background-size":"auto","background-attachment":"scroll","background-type":"","background-media":"","overlay-type":"","overlay-color":"","overlay-gradient":""}},"ast-content-background-meta":{"desktop":{"background-color":"var(--ast-global-color-5)","background-image":"","background-repeat":"repeat","background-position":"center center","background-size":"auto","background-attachment":"scroll","background-type":"","background-media":"","overlay-type":"","overlay-color":"","overlay-gradient":""},"tablet":{"background-color":"var(--ast-global-color-5)","background-image":"","background-repeat":"repeat","background-position":"center center","background-size":"auto","background-attachment":"scroll","background-type":"","background-media":"","overlay-type":"","overlay-color":"","overlay-gradient":""},"mobile":{"background-color":"var(--ast-global-color-5)","background-image":"","background-repeat":"repeat","background-position":"center center","background-size":"auto","background-attachment":"scroll","background-type":"","background-media":"","overlay-type":"","overlay-color":"","overlay-gradient":""}},"footnotes":""},"class_list":["post-4652","page","type-page","status-publish","hentry"],"_links":{"self":[{"href":"https:\/\/www.innovanta.co\/en\/wp-json\/wp\/v2\/pages\/4652","targetHints":{"allow":["GET"]}}],"collection":[{"href":"https:\/\/www.innovanta.co\/en\/wp-json\/wp\/v2\/pages"}],"about":[{"href":"https:\/\/www.innovanta.co\/en\/wp-json\/wp\/v2\/types\/page"}],"author":[{"embeddable":true,"href":"https:\/\/www.innovanta.co\/en\/wp-json\/wp\/v2\/users\/1"}],"replies":[{"embeddable":true,"href":"https:\/\/www.innovanta.co\/en\/wp-json\/wp\/v2\/comments?post=4652"}],"version-history":[{"count":10,"href":"https:\/\/www.innovanta.co\/en\/wp-json\/wp\/v2\/pages\/4652\/revisions"}],"predecessor-version":[{"id":4727,"href":"https:\/\/www.innovanta.co\/en\/wp-json\/wp\/v2\/pages\/4652\/revisions\/4727"}],"wp:attachment":[{"href":"https:\/\/www.innovanta.co\/en\/wp-json\/wp\/v2\/media?parent=4652"}],"curies":[{"name":"wp","href":"https:\/\/api.w.org\/{rel}","templated":true}]}}